{"id":385,"date":"2014-08-26T17:58:33","date_gmt":"2014-08-26T16:58:33","guid":{"rendered":"http:\/\/www.lecristal.com\/testwp\/?page_id=385"},"modified":"2021-10-16T19:46:20","modified_gmt":"2021-10-16T17:46:20","slug":"contact-06-00-00-00-00","status":"publish","type":"page","link":"https:\/\/www.lecristal.com\/?page_id=385","title":{"rendered":"CONTACT"},"content":{"rendered":"<div class=\"wpforms-container wpforms-container-full wpforms-block\" id=\"wpforms-1064\"><form id=\"wpforms-form-1064\" class=\"wpforms-validate wpforms-form wpforms-ajax-form\" data-formid=\"1064\" method=\"post\" enctype=\"multipart\/form-data\" action=\"\/index.php?rest_route=%2Fwp%2Fv2%2Fpages%2F385\" data-token=\"5d477762ff6d873e9dbaf092f2cb5e8f\" data-token-time=\"1777213476\"><noscript class=\"wpforms-error-noscript\">Veuillez activer JavaScript dans votre navigateur pour remplir ce formulaire.<\/noscript><div class=\"wpforms-field-container\"><div id=\"wpforms-1064-field_0-container\" class=\"wpforms-field wpforms-field-name\" data-field-id=\"0\"><label class=\"wpforms-field-label\" for=\"wpforms-1064-field_0\">Nom <span class=\"wpforms-required-label\">*<\/span><\/label><div class=\"wpforms-field-row wpforms-field-medium\"><div class=\"wpforms-field-row-block wpforms-first wpforms-one-half\"><input type=\"text\" id=\"wpforms-1064-field_0\" class=\"wpforms-field-name-first wpforms-field-required\" name=\"wpforms[fields][0][first]\" required><label for=\"wpforms-1064-field_0\" class=\"wpforms-field-sublabel after\">Pr\u00e9nom<\/label><\/div><div class=\"wpforms-field-row-block wpforms-one-half\"><input type=\"text\" id=\"wpforms-1064-field_0-last\" class=\"wpforms-field-name-last wpforms-field-required\" name=\"wpforms[fields][0][last]\" required><label for=\"wpforms-1064-field_0-last\" class=\"wpforms-field-sublabel after\">Nom<\/label><\/div><\/div><\/div><div id=\"wpforms-1064-field_1-container\" class=\"wpforms-field wpforms-field-email\" data-field-id=\"1\"><label class=\"wpforms-field-label\" for=\"wpforms-1064-field_1\">Email <span class=\"wpforms-required-label\">*<\/span><\/label><input type=\"email\" id=\"wpforms-1064-field_1\" class=\"wpforms-field-medium wpforms-field-required\" name=\"wpforms[fields][1]\" spellcheck=\"false\" required><\/div><div id=\"wpforms-1064-field_2-container\" class=\"wpforms-field wpforms-field-textarea\" data-field-id=\"2\"><label class=\"wpforms-field-label\" for=\"wpforms-1064-field_2\">Comment or Message <span class=\"wpforms-required-label\">*<\/span><\/label><textarea id=\"wpforms-1064-field_2\" class=\"wpforms-field-medium wpforms-field-required\" name=\"wpforms[fields][2]\" required><\/textarea><\/div><\/div><!-- .wpforms-field-container --><div class=\"wpforms-submit-container\" ><input type=\"hidden\" name=\"wpforms[id]\" value=\"1064\"><input type=\"hidden\" name=\"page_title\" value=\"\"><input type=\"hidden\" name=\"page_url\" value=\"https:\/\/www.lecristal.com\/index.php?rest_route=%2Fwp%2Fv2%2Fpages%2F385\"><button type=\"submit\" name=\"wpforms[submit]\" id=\"wpforms-submit-1064\" class=\"wpforms-submit\" data-alt-text=\"Sending...\" data-submit-text=\"Submit\" aria-live=\"assertive\" value=\"wpforms-submit\">Submit<\/button><img decoding=\"async\" src=\"https:\/\/www.lecristal.com\/wp-content\/plugins\/wpforms-lite\/assets\/images\/submit-spin.svg\" class=\"wpforms-submit-spinner\" style=\"display: none;\" width=\"26\" height=\"26\" alt=\"Chargement en cours\"><\/div><\/form><\/div>  <!-- .wpforms-container -->\n\n\n<div class=\"wp-block-group\"><div class=\"wp-block-group__inner-container is-layout-flow wp-block-group-is-layout-flow\"><\/div><\/div>\n\n\n<h1 style=\"color: #669af8;\">Contact :<\/h1>\n<p style=\"color: #48423f;\"><div class=\"lgn_wng\">Pour les demandes de r\u00e9servation, merci d\u2019utiliser les formulaires des calendriers disponibles sur les pages des appartements.<\/div><\/p>\n<p style=\"color: #48423f;\">Pour tous renseignements compl\u00e9mentaires, vous pouvez utiliser le formulaire ci-dessus ou nous t\u00e9l\u00e9phoner .<\/p>\n<p>&nbsp;<\/p>\n<p><strong style=\"color: #1c1c1c;\">Ren\u00e9 HUDRY<\/strong><\/p>\n<p>Le Levassaix<\/p>\n<p>St. martin de Belleville<\/p>\n<p>73440 Savoie, France<\/p>\n<p>&nbsp;<\/p>\n<h3 style=\"color: #669af8;\">+336.60.82.49.70 &nbsp;ou &nbsp;+336.87.21.44.41<\/h3>\n<h3 style=\"color: #669af8;\">tel\/fax \/r\u00e9pondeur &nbsp;+334.79.00.73.95<\/h3>\n<div class=\"ast_divide\" style=\"clear:both;border-bottom: 1px solid #eeeeee; width:100%; height:2px; margin:15px 0;\"><\/div>\n<p><span style=\"color: #993300;\">Conform\u00e9ment \u00e0 la loi Informatique et Libert\u00e9 n\u00b0 78-17 du 6 janvier 1978 relative \u00e0 l\u2019informatique, aux fichiers et aux libert\u00e9s, nous nous engageons \u00e0 informer les personnes qui fournissent des donn\u00e9es nominatives sur notre site de leurs droits, notamment de leur droit d\u2019 acc\u00e8s et de rectification sur ces donn\u00e9es nominatives. Nous nous engageons \u00e0 prendre toutes pr\u00e9cautions afin de pr\u00e9server la s\u00e9curit\u00e9 de ces informations et notamment emp\u00eacher qu\u2019elles ne soient d\u00e9form\u00e9es, endommag\u00e9es ou communiqu\u00e9es \u00e0 des tiers.<\/span><\/p>\n<div class=\"ast_divide\" style=\"clear:both;border-bottom: 1px solid #eeeeee; width:100%; height:2px; margin:15px 0;\"><\/div>\n\n\n<p><\/p>\n","protected":false},"excerpt":{"rendered":"<p>Contact : Pour tous renseignements compl\u00e9mentaires, vous pouvez utiliser le formulaire ci-dessus ou nous t\u00e9l\u00e9phoner . &nbsp; Ren\u00e9 HUDRY Le Levassaix St. martin de Belleville 73440 Savoie, France &nbsp; +336.60.82.49.70 &nbsp;ou &nbsp;+336.87.21.44.41 tel\/fax \/r\u00e9pondeur &nbsp;+334.79.00.73.95 Conform\u00e9ment \u00e0 la loi Informatique et Libert\u00e9 n\u00b0 78-17 du 6 janvier 1978 relative \u00e0 l\u2019informatique, aux fichiers et aux<br \/><a class=\"moretag\" href=\"https:\/\/www.lecristal.com\/?page_id=385\">+ Lire la suite<\/a><\/p>\n","protected":false},"author":1,"featured_media":0,"parent":0,"menu_order":0,"comment_status":"closed","ping_status":"closed","template":"","meta":{"ngg_post_thumbnail":0,"footnotes":""},"class_list":["post-385","page","type-page","status-publish","hentry"],"_links":{"self":[{"href":"https:\/\/www.lecristal.com\/index.php?rest_route=\/wp\/v2\/pages\/385","targetHints":{"allow":["GET"]}}],"collection":[{"href":"https:\/\/www.lecristal.com\/index.php?rest_route=\/wp\/v2\/pages"}],"about":[{"href":"https:\/\/www.lecristal.com\/index.php?rest_route=\/wp\/v2\/types\/page"}],"author":[{"embeddable":true,"href":"https:\/\/www.lecristal.com\/index.php?rest_route=\/wp\/v2\/users\/1"}],"replies":[{"embeddable":true,"href":"https:\/\/www.lecristal.com\/index.php?rest_route=%2Fwp%2Fv2%2Fcomments&post=385"}],"version-history":[{"count":14,"href":"https:\/\/www.lecristal.com\/index.php?rest_route=\/wp\/v2\/pages\/385\/revisions"}],"predecessor-version":[{"id":1068,"href":"https:\/\/www.lecristal.com\/index.php?rest_route=\/wp\/v2\/pages\/385\/revisions\/1068"}],"wp:attachment":[{"href":"https:\/\/www.lecristal.com\/index.php?rest_route=%2Fwp%2Fv2%2Fmedia&parent=385"}],"curies":[{"name":"wp","href":"https:\/\/api.w.org\/{rel}","templated":true}]}}